{"id":63,"date":"2025-10-29T08:22:38","date_gmt":"2025-10-29T08:22:38","guid":{"rendered":"https:\/\/drochman.santcugatesn.com\/?post_type=product&#038;p=63"},"modified":"2025-11-04T19:51:00","modified_gmt":"2025-11-04T19:51:00","slug":"camiseta-oficial-del-fc-barcelona","status":"publish","type":"product","link":"https:\/\/drochman.santcugatesn.com\/?product=camiseta-oficial-del-fc-barcelona","title":{"rendered":"Camiseta del FC Barcelona"},"content":{"rendered":"<p><strong data-start=\"250\" data-end=\"287\">Camiseta oficial del FC Barcelona<\/strong><br data-start=\"287\" data-end=\"290\" \/>Luce los colores de tu equipo con orgullo con la nueva camiseta del <strong data-start=\"358\" data-end=\"367\">Bar\u00e7a<\/strong>. Fabricada con materiales transpirables y c\u00f3modos, dise\u00f1ada para ofrecerte m\u00e1ximo rendimiento tanto en el campo como en tu d\u00eda a d\u00eda. Ideal para aut\u00e9nticos fans blaugranas.<\/p>\n<p>&nbsp;<\/p>\n","protected":false},"excerpt":{"rendered":"<p>Camiseta oficial del FC BarcelonaLuce los colores de tu equipo con orgullo con la nueva camiseta del Bar\u00e7a. Fabricada con materiales transpirables y c\u00f3modos, dise\u00f1ada para ofrecerte m\u00e1ximo rendimiento tanto en el campo como en tu d\u00eda a d\u00eda. Ideal para aut\u00e9nticos fans blaugranas. &nbsp;<\/p>\n","protected":false},"featured_media":64,"comment_status":"open","ping_status":"closed","template":"","meta":[],"product_brand":[],"product_cat":[15],"product_tag":[],"class_list":{"0":"post-63","1":"product","2":"type-product","3":"status-publish","4":"has-post-thumbnail","6":"product_cat-uncategorized","8":"first","9":"instock","10":"shipping-taxable","11":"purchasable","12":"product-type-simple"},"yoast_head":"<!-- This site is optimized with the Yoast SEO plugin v26.0 - https:\/\/yoast.com\/wordpress\/plugins\/seo\/ -->\n<title>Camiseta del FC Barcelona - Futbo Emotin<\/title>\n<meta name=\"description\" content=\"Luce los colores de tu equipo con orgullo con la nueva camiseta del Bar\u00e7a.Fabricada con materiales transpirables y c\u00f3modos\" \/>\n<meta name=\"robots\" content=\"index, follow, max-snippet:-1, max-image-preview:large, max-video-preview:-1\" \/>\n<link rel=\"canonical\" href=\"https:\/\/drochman.santcugatesn.com\/?product=camiseta-oficial-del-fc-barcelona\" \/>\n<meta property=\"og:locale\" content=\"en_US\" \/>\n<meta property=\"og:type\" content=\"article\" \/>\n<meta property=\"og:title\" content=\"Camiseta del FC Barcelona - Futbo Emotin\" \/>\n<meta property=\"og:description\" content=\"Luce los colores de tu equipo con orgullo con la nueva camiseta del Bar\u00e7a.Fabricada con materiales transpirables y c\u00f3modos\" \/>\n<meta property=\"og:url\" content=\"https:\/\/drochman.santcugatesn.com\/?product=camiseta-oficial-del-fc-barcelona\" \/>\n<meta property=\"og:site_name\" content=\"Futbo Emotin\" \/>\n<meta property=\"article:modified_time\" content=\"2025-11-04T19:51:00+00:00\" \/>\n<meta property=\"og:image\" content=\"https:\/\/drochman.santcugatesn.com\/wp-content\/uploads\/2025\/10\/e7d17960-1.jpg\" \/>\n\t<meta property=\"og:image:width\" content=\"800\" \/>\n\t<meta property=\"og:image:height\" content=\"800\" \/>\n\t<meta property=\"og:image:type\" content=\"image\/jpeg\" \/>\n<meta name=\"twitter:card\" content=\"summary_large_image\" \/>\n<meta name=\"twitter:label1\" content=\"Est. reading time\" \/>\n\t<meta name=\"twitter:data1\" content=\"1 minute\" \/>\n<script type=\"application\/ld+json\" class=\"yoast-schema-graph\">{\"@context\":\"https:\/\/schema.org\",\"@graph\":[{\"@type\":\"WebPage\",\"@id\":\"https:\/\/drochman.santcugatesn.com\/?product=camiseta-oficial-del-fc-barcelona\",\"url\":\"https:\/\/drochman.santcugatesn.com\/?product=camiseta-oficial-del-fc-barcelona\",\"name\":\"Camiseta del FC Barcelona - Futbo Emotin\",\"isPartOf\":{\"@id\":\"https:\/\/drochman.santcugatesn.com\/#website\"},\"primaryImageOfPage\":{\"@id\":\"https:\/\/drochman.santcugatesn.com\/?product=camiseta-oficial-del-fc-barcelona#primaryimage\"},\"image\":{\"@id\":\"https:\/\/drochman.santcugatesn.com\/?product=camiseta-oficial-del-fc-barcelona#primaryimage\"},\"thumbnailUrl\":\"https:\/\/drochman.santcugatesn.com\/wp-content\/uploads\/2025\/10\/e7d17960-1.jpg\",\"datePublished\":\"2025-10-29T08:22:38+00:00\",\"dateModified\":\"2025-11-04T19:51:00+00:00\",\"description\":\"Luce los colores de tu equipo con orgullo con la nueva camiseta del Bar\u00e7a.Fabricada con materiales transpirables y c\u00f3modos\",\"breadcrumb\":{\"@id\":\"https:\/\/drochman.santcugatesn.com\/?product=camiseta-oficial-del-fc-barcelona#breadcrumb\"},\"inLanguage\":\"en-US\",\"potentialAction\":[{\"@type\":\"ReadAction\",\"target\":[\"https:\/\/drochman.santcugatesn.com\/?product=camiseta-oficial-del-fc-barcelona\"]}]},{\"@type\":\"ImageObject\",\"inLanguage\":\"en-US\",\"@id\":\"https:\/\/drochman.santcugatesn.com\/?product=camiseta-oficial-del-fc-barcelona#primaryimage\",\"url\":\"https:\/\/drochman.santcugatesn.com\/wp-content\/uploads\/2025\/10\/e7d17960-1.jpg\",\"contentUrl\":\"https:\/\/drochman.santcugatesn.com\/wp-content\/uploads\/2025\/10\/e7d17960-1.jpg\",\"width\":800,\"height\":800},{\"@type\":\"BreadcrumbList\",\"@id\":\"https:\/\/drochman.santcugatesn.com\/?product=camiseta-oficial-del-fc-barcelona#breadcrumb\",\"itemListElement\":[{\"@type\":\"ListItem\",\"position\":1,\"name\":\"Home\",\"item\":\"https:\/\/drochman.santcugatesn.com\/\"},{\"@type\":\"ListItem\",\"position\":2,\"name\":\"Tienda\",\"item\":\"https:\/\/drochman.santcugatesn.com\/?page_id=7\"},{\"@type\":\"ListItem\",\"position\":3,\"name\":\"Camiseta del FC Barcelona\"}]},{\"@type\":\"WebSite\",\"@id\":\"https:\/\/drochman.santcugatesn.com\/#website\",\"url\":\"https:\/\/drochman.santcugatesn.com\/\",\"name\":\"Futbo Emotin\",\"description\":\"\",\"publisher\":{\"@id\":\"https:\/\/drochman.santcugatesn.com\/#organization\"},\"potentialAction\":[{\"@type\":\"SearchAction\",\"target\":{\"@type\":\"EntryPoint\",\"urlTemplate\":\"https:\/\/drochman.santcugatesn.com\/?s={search_term_string}\"},\"query-input\":{\"@type\":\"PropertyValueSpecification\",\"valueRequired\":true,\"valueName\":\"search_term_string\"}}],\"inLanguage\":\"en-US\"},{\"@type\":\"Organization\",\"@id\":\"https:\/\/drochman.santcugatesn.com\/#organization\",\"name\":\"Futbo Emotin\",\"url\":\"https:\/\/drochman.santcugatesn.com\/\",\"logo\":{\"@type\":\"ImageObject\",\"inLanguage\":\"en-US\",\"@id\":\"https:\/\/drochman.santcugatesn.com\/#\/schema\/logo\/image\/\",\"url\":\"https:\/\/drochman.santcugatesn.com\/wp-content\/uploads\/2025\/10\/cropped-football_emotion_logo_20251001081908_1__2_-removebg-preview-1.png\",\"contentUrl\":\"https:\/\/drochman.santcugatesn.com\/wp-content\/uploads\/2025\/10\/cropped-football_emotion_logo_20251001081908_1__2_-removebg-preview-1.png\",\"width\":54,\"height\":50,\"caption\":\"Futbo Emotin\"},\"image\":{\"@id\":\"https:\/\/drochman.santcugatesn.com\/#\/schema\/logo\/image\/\"}}]}<\/script>\n<!-- \/ Yoast SEO plugin. -->","yoast_head_json":{"title":"Camiseta del FC Barcelona - Futbo Emotin","description":"Luce los colores de tu equipo con orgullo con la nueva camiseta del Bar\u00e7a.Fabricada con materiales transpirables y c\u00f3modos","robots":{"index":"index","follow":"follow","max-snippet":"max-snippet:-1","max-image-preview":"max-image-preview:large","max-video-preview":"max-video-preview:-1"},"canonical":"https:\/\/drochman.santcugatesn.com\/?product=camiseta-oficial-del-fc-barcelona","og_locale":"en_US","og_type":"article","og_title":"Camiseta del FC Barcelona - Futbo Emotin","og_description":"Luce los colores de tu equipo con orgullo con la nueva camiseta del Bar\u00e7a.Fabricada con materiales transpirables y c\u00f3modos","og_url":"https:\/\/drochman.santcugatesn.com\/?product=camiseta-oficial-del-fc-barcelona","og_site_name":"Futbo Emotin","article_modified_time":"2025-11-04T19:51:00+00:00","og_image":[{"width":800,"height":800,"url":"https:\/\/drochman.santcugatesn.com\/wp-content\/uploads\/2025\/10\/e7d17960-1.jpg","type":"image\/jpeg"}],"twitter_card":"summary_large_image","twitter_misc":{"Est. reading time":"1 minute"},"schema":{"@context":"https:\/\/schema.org","@graph":[{"@type":"WebPage","@id":"https:\/\/drochman.santcugatesn.com\/?product=camiseta-oficial-del-fc-barcelona","url":"https:\/\/drochman.santcugatesn.com\/?product=camiseta-oficial-del-fc-barcelona","name":"Camiseta del FC Barcelona - Futbo Emotin","isPartOf":{"@id":"https:\/\/drochman.santcugatesn.com\/#website"},"primaryImageOfPage":{"@id":"https:\/\/drochman.santcugatesn.com\/?product=camiseta-oficial-del-fc-barcelona#primaryimage"},"image":{"@id":"https:\/\/drochman.santcugatesn.com\/?product=camiseta-oficial-del-fc-barcelona#primaryimage"},"thumbnailUrl":"https:\/\/drochman.santcugatesn.com\/wp-content\/uploads\/2025\/10\/e7d17960-1.jpg","datePublished":"2025-10-29T08:22:38+00:00","dateModified":"2025-11-04T19:51:00+00:00","description":"Luce los colores de tu equipo con orgullo con la nueva camiseta del Bar\u00e7a.Fabricada con materiales transpirables y c\u00f3modos","breadcrumb":{"@id":"https:\/\/drochman.santcugatesn.com\/?product=camiseta-oficial-del-fc-barcelona#breadcrumb"},"inLanguage":"en-US","potentialAction":[{"@type":"ReadAction","target":["https:\/\/drochman.santcugatesn.com\/?product=camiseta-oficial-del-fc-barcelona"]}]},{"@type":"ImageObject","inLanguage":"en-US","@id":"https:\/\/drochman.santcugatesn.com\/?product=camiseta-oficial-del-fc-barcelona#primaryimage","url":"https:\/\/drochman.santcugatesn.com\/wp-content\/uploads\/2025\/10\/e7d17960-1.jpg","contentUrl":"https:\/\/drochman.santcugatesn.com\/wp-content\/uploads\/2025\/10\/e7d17960-1.jpg","width":800,"height":800},{"@type":"BreadcrumbList","@id":"https:\/\/drochman.santcugatesn.com\/?product=camiseta-oficial-del-fc-barcelona#breadcrumb","itemListElement":[{"@type":"ListItem","position":1,"name":"Home","item":"https:\/\/drochman.santcugatesn.com\/"},{"@type":"ListItem","position":2,"name":"Tienda","item":"https:\/\/drochman.santcugatesn.com\/?page_id=7"},{"@type":"ListItem","position":3,"name":"Camiseta del FC Barcelona"}]},{"@type":"WebSite","@id":"https:\/\/drochman.santcugatesn.com\/#website","url":"https:\/\/drochman.santcugatesn.com\/","name":"Futbo Emotin","description":"","publisher":{"@id":"https:\/\/drochman.santcugatesn.com\/#organization"},"potentialAction":[{"@type":"SearchAction","target":{"@type":"EntryPoint","urlTemplate":"https:\/\/drochman.santcugatesn.com\/?s={search_term_string}"},"query-input":{"@type":"PropertyValueSpecification","valueRequired":true,"valueName":"search_term_string"}}],"inLanguage":"en-US"},{"@type":"Organization","@id":"https:\/\/drochman.santcugatesn.com\/#organization","name":"Futbo Emotin","url":"https:\/\/drochman.santcugatesn.com\/","logo":{"@type":"ImageObject","inLanguage":"en-US","@id":"https:\/\/drochman.santcugatesn.com\/#\/schema\/logo\/image\/","url":"https:\/\/drochman.santcugatesn.com\/wp-content\/uploads\/2025\/10\/cropped-football_emotion_logo_20251001081908_1__2_-removebg-preview-1.png","contentUrl":"https:\/\/drochman.santcugatesn.com\/wp-content\/uploads\/2025\/10\/cropped-football_emotion_logo_20251001081908_1__2_-removebg-preview-1.png","width":54,"height":50,"caption":"Futbo Emotin"},"image":{"@id":"https:\/\/drochman.santcugatesn.com\/#\/schema\/logo\/image\/"}}]}},"_links":{"self":[{"href":"https:\/\/drochman.santcugatesn.com\/index.php?rest_route=\/wp\/v2\/product\/63","targetHints":{"allow":["GET"]}}],"collection":[{"href":"https:\/\/drochman.santcugatesn.com\/index.php?rest_route=\/wp\/v2\/product"}],"about":[{"href":"https:\/\/drochman.santcugatesn.com\/index.php?rest_route=\/wp\/v2\/types\/product"}],"replies":[{"embeddable":true,"href":"https:\/\/drochman.santcugatesn.com\/index.php?rest_route=%2Fwp%2Fv2%2Fcomments&post=63"}],"wp:featuredmedia":[{"embeddable":true,"href":"https:\/\/drochman.santcugatesn.com\/index.php?rest_route=\/wp\/v2\/media\/64"}],"wp:attachment":[{"href":"https:\/\/drochman.santcugatesn.com\/index.php?rest_route=%2Fwp%2Fv2%2Fmedia&parent=63"}],"wp:term":[{"taxonomy":"product_brand","embeddable":true,"href":"https:\/\/drochman.santcugatesn.com\/index.php?rest_route=%2Fwp%2Fv2%2Fproduct_brand&post=63"},{"taxonomy":"product_cat","embeddable":true,"href":"https:\/\/drochman.santcugatesn.com\/index.php?rest_route=%2Fwp%2Fv2%2Fproduct_cat&post=63"},{"taxonomy":"product_tag","embeddable":true,"href":"https:\/\/drochman.santcugatesn.com\/index.php?rest_route=%2Fwp%2Fv2%2Fproduct_tag&post=63"}],"curies":[{"name":"wp","href":"https:\/\/api.w.org\/{rel}","templated":true}]}}