{"id":146,"date":"2025-11-04T19:27:05","date_gmt":"2025-11-04T19:27:05","guid":{"rendered":"https:\/\/drochman.santcugatesn.com\/?post_type=product&#038;p=146"},"modified":"2025-11-04T19:49:27","modified_gmt":"2025-11-04T19:49:27","slug":"equipacio-groga-i-blava","status":"publish","type":"product","link":"https:\/\/drochman.santcugatesn.com\/?product=equipacio-groga-i-blava","title":{"rendered":"Equipaci\u00f3n amarilla y azul"},"content":{"rendered":"<p><strong data-start=\"282\" data-end=\"320\">Equipaci\u00f3n completa Futbol Emotion<\/strong><br data-start=\"320\" data-end=\"323\" \/>Conjunto deportivo ideal para entrenamientos o partidos, con un dise\u00f1o c\u00f3modo, ligero y de m\u00e1xima calidad. Perfecto para jugadores que quieren rendir al m\u00e1ximo con estilo.<\/p>\n","protected":false},"excerpt":{"rendered":"<p>Equipaci\u00f3n completa Futbol EmotionConjunto deportivo ideal para entrenamientos o partidos, con un dise\u00f1o c\u00f3modo, ligero y de m\u00e1xima calidad. Perfecto para jugadores que quieren rendir al m\u00e1ximo con estilo.<\/p>\n","protected":false},"featured_media":144,"comment_status":"open","ping_status":"closed","template":"","meta":[],"product_brand":[],"product_cat":[15],"product_tag":[],"class_list":{"0":"post-146","1":"product","2":"type-product","3":"status-publish","4":"has-post-thumbnail","6":"product_cat-uncategorized","8":"first","9":"instock","10":"shipping-taxable","11":"purchasable","12":"product-type-simple"},"yoast_head":"<!-- This site is optimized with the Yoast SEO plugin v26.0 - https:\/\/yoast.com\/wordpress\/plugins\/seo\/ -->\n<title>Equipaci\u00f3n amarilla y azul - Futbo Emotin<\/title>\n<meta name=\"description\" content=\"Equipaci\u00f3 completa Futbol EmotionConjunt esportiu ideal per entrenaments o partits, amb un disseny c\u00f2mode, lleuger i de m\u00e0xima qualitat\" \/>\n<meta name=\"robots\" content=\"index, follow, max-snippet:-1, max-image-preview:large, max-video-preview:-1\" \/>\n<link rel=\"canonical\" href=\"https:\/\/drochman.santcugatesn.com\/?product=equipacio-groga-i-blava\" \/>\n<meta property=\"og:locale\" content=\"en_US\" \/>\n<meta property=\"og:type\" content=\"article\" \/>\n<meta property=\"og:title\" content=\"Equipaci\u00f3n amarilla y azul - Futbo Emotin\" \/>\n<meta property=\"og:description\" content=\"Equipaci\u00f3 completa Futbol EmotionConjunt esportiu ideal per entrenaments o partits, amb un disseny c\u00f2mode, lleuger i de m\u00e0xima qualitat\" \/>\n<meta property=\"og:url\" content=\"https:\/\/drochman.santcugatesn.com\/?product=equipacio-groga-i-blava\" \/>\n<meta property=\"og:site_name\" content=\"Futbo Emotin\" \/>\n<meta property=\"article:modified_time\" content=\"2025-11-04T19:49:27+00:00\" \/>\n<meta property=\"og:image\" content=\"https:\/\/drochman.santcugatesn.com\/wp-content\/uploads\/2025\/11\/image-19.png\" \/>\n\t<meta property=\"og:image:width\" content=\"209\" \/>\n\t<meta property=\"og:image:height\" content=\"291\" \/>\n\t<meta property=\"og:image:type\" content=\"image\/png\" \/>\n<meta name=\"twitter:card\" content=\"summary_large_image\" \/>\n<meta name=\"twitter:label1\" content=\"Est. reading time\" \/>\n\t<meta name=\"twitter:data1\" content=\"1 minute\" \/>\n<script type=\"application\/ld+json\" class=\"yoast-schema-graph\">{\"@context\":\"https:\/\/schema.org\",\"@graph\":[{\"@type\":\"WebPage\",\"@id\":\"https:\/\/drochman.santcugatesn.com\/?product=equipacio-groga-i-blava\",\"url\":\"https:\/\/drochman.santcugatesn.com\/?product=equipacio-groga-i-blava\",\"name\":\"Equipaci\u00f3n amarilla y azul - Futbo Emotin\",\"isPartOf\":{\"@id\":\"https:\/\/drochman.santcugatesn.com\/#website\"},\"primaryImageOfPage\":{\"@id\":\"https:\/\/drochman.santcugatesn.com\/?product=equipacio-groga-i-blava#primaryimage\"},\"image\":{\"@id\":\"https:\/\/drochman.santcugatesn.com\/?product=equipacio-groga-i-blava#primaryimage\"},\"thumbnailUrl\":\"https:\/\/drochman.santcugatesn.com\/wp-content\/uploads\/2025\/11\/image-19.png\",\"datePublished\":\"2025-11-04T19:27:05+00:00\",\"dateModified\":\"2025-11-04T19:49:27+00:00\",\"description\":\"Equipaci\u00f3 completa Futbol EmotionConjunt esportiu ideal per entrenaments o partits, amb un disseny c\u00f2mode, lleuger i de m\u00e0xima qualitat\",\"breadcrumb\":{\"@id\":\"https:\/\/drochman.santcugatesn.com\/?product=equipacio-groga-i-blava#breadcrumb\"},\"inLanguage\":\"en-US\",\"potentialAction\":[{\"@type\":\"ReadAction\",\"target\":[\"https:\/\/drochman.santcugatesn.com\/?product=equipacio-groga-i-blava\"]}]},{\"@type\":\"ImageObject\",\"inLanguage\":\"en-US\",\"@id\":\"https:\/\/drochman.santcugatesn.com\/?product=equipacio-groga-i-blava#primaryimage\",\"url\":\"https:\/\/drochman.santcugatesn.com\/wp-content\/uploads\/2025\/11\/image-19.png\",\"contentUrl\":\"https:\/\/drochman.santcugatesn.com\/wp-content\/uploads\/2025\/11\/image-19.png\",\"width\":209,\"height\":291},{\"@type\":\"BreadcrumbList\",\"@id\":\"https:\/\/drochman.santcugatesn.com\/?product=equipacio-groga-i-blava#breadcrumb\",\"itemListElement\":[{\"@type\":\"ListItem\",\"position\":1,\"name\":\"Home\",\"item\":\"https:\/\/drochman.santcugatesn.com\/\"},{\"@type\":\"ListItem\",\"position\":2,\"name\":\"Tienda\",\"item\":\"https:\/\/drochman.santcugatesn.com\/?page_id=7\"},{\"@type\":\"ListItem\",\"position\":3,\"name\":\"Equipaci\u00f3n amarilla y azul\"}]},{\"@type\":\"WebSite\",\"@id\":\"https:\/\/drochman.santcugatesn.com\/#website\",\"url\":\"https:\/\/drochman.santcugatesn.com\/\",\"name\":\"Futbo Emotin\",\"description\":\"\",\"publisher\":{\"@id\":\"https:\/\/drochman.santcugatesn.com\/#organization\"},\"potentialAction\":[{\"@type\":\"SearchAction\",\"target\":{\"@type\":\"EntryPoint\",\"urlTemplate\":\"https:\/\/drochman.santcugatesn.com\/?s={search_term_string}\"},\"query-input\":{\"@type\":\"PropertyValueSpecification\",\"valueRequired\":true,\"valueName\":\"search_term_string\"}}],\"inLanguage\":\"en-US\"},{\"@type\":\"Organization\",\"@id\":\"https:\/\/drochman.santcugatesn.com\/#organization\",\"name\":\"Futbo Emotin\",\"url\":\"https:\/\/drochman.santcugatesn.com\/\",\"logo\":{\"@type\":\"ImageObject\",\"inLanguage\":\"en-US\",\"@id\":\"https:\/\/drochman.santcugatesn.com\/#\/schema\/logo\/image\/\",\"url\":\"https:\/\/drochman.santcugatesn.com\/wp-content\/uploads\/2025\/10\/cropped-football_emotion_logo_20251001081908_1__2_-removebg-preview-1.png\",\"contentUrl\":\"https:\/\/drochman.santcugatesn.com\/wp-content\/uploads\/2025\/10\/cropped-football_emotion_logo_20251001081908_1__2_-removebg-preview-1.png\",\"width\":54,\"height\":50,\"caption\":\"Futbo Emotin\"},\"image\":{\"@id\":\"https:\/\/drochman.santcugatesn.com\/#\/schema\/logo\/image\/\"}}]}<\/script>\n<!-- \/ Yoast SEO plugin. -->","yoast_head_json":{"title":"Equipaci\u00f3n amarilla y azul - Futbo Emotin","description":"Equipaci\u00f3 completa Futbol EmotionConjunt esportiu ideal per entrenaments o partits, amb un disseny c\u00f2mode, lleuger i de m\u00e0xima qualitat","robots":{"index":"index","follow":"follow","max-snippet":"max-snippet:-1","max-image-preview":"max-image-preview:large","max-video-preview":"max-video-preview:-1"},"canonical":"https:\/\/drochman.santcugatesn.com\/?product=equipacio-groga-i-blava","og_locale":"en_US","og_type":"article","og_title":"Equipaci\u00f3n amarilla y azul - Futbo Emotin","og_description":"Equipaci\u00f3 completa Futbol EmotionConjunt esportiu ideal per entrenaments o partits, amb un disseny c\u00f2mode, lleuger i de m\u00e0xima qualitat","og_url":"https:\/\/drochman.santcugatesn.com\/?product=equipacio-groga-i-blava","og_site_name":"Futbo Emotin","article_modified_time":"2025-11-04T19:49:27+00:00","og_image":[{"width":209,"height":291,"url":"https:\/\/drochman.santcugatesn.com\/wp-content\/uploads\/2025\/11\/image-19.png","type":"image\/png"}],"twitter_card":"summary_large_image","twitter_misc":{"Est. reading time":"1 minute"},"schema":{"@context":"https:\/\/schema.org","@graph":[{"@type":"WebPage","@id":"https:\/\/drochman.santcugatesn.com\/?product=equipacio-groga-i-blava","url":"https:\/\/drochman.santcugatesn.com\/?product=equipacio-groga-i-blava","name":"Equipaci\u00f3n amarilla y azul - Futbo Emotin","isPartOf":{"@id":"https:\/\/drochman.santcugatesn.com\/#website"},"primaryImageOfPage":{"@id":"https:\/\/drochman.santcugatesn.com\/?product=equipacio-groga-i-blava#primaryimage"},"image":{"@id":"https:\/\/drochman.santcugatesn.com\/?product=equipacio-groga-i-blava#primaryimage"},"thumbnailUrl":"https:\/\/drochman.santcugatesn.com\/wp-content\/uploads\/2025\/11\/image-19.png","datePublished":"2025-11-04T19:27:05+00:00","dateModified":"2025-11-04T19:49:27+00:00","description":"Equipaci\u00f3 completa Futbol EmotionConjunt esportiu ideal per entrenaments o partits, amb un disseny c\u00f2mode, lleuger i de m\u00e0xima qualitat","breadcrumb":{"@id":"https:\/\/drochman.santcugatesn.com\/?product=equipacio-groga-i-blava#breadcrumb"},"inLanguage":"en-US","potentialAction":[{"@type":"ReadAction","target":["https:\/\/drochman.santcugatesn.com\/?product=equipacio-groga-i-blava"]}]},{"@type":"ImageObject","inLanguage":"en-US","@id":"https:\/\/drochman.santcugatesn.com\/?product=equipacio-groga-i-blava#primaryimage","url":"https:\/\/drochman.santcugatesn.com\/wp-content\/uploads\/2025\/11\/image-19.png","contentUrl":"https:\/\/drochman.santcugatesn.com\/wp-content\/uploads\/2025\/11\/image-19.png","width":209,"height":291},{"@type":"BreadcrumbList","@id":"https:\/\/drochman.santcugatesn.com\/?product=equipacio-groga-i-blava#breadcrumb","itemListElement":[{"@type":"ListItem","position":1,"name":"Home","item":"https:\/\/drochman.santcugatesn.com\/"},{"@type":"ListItem","position":2,"name":"Tienda","item":"https:\/\/drochman.santcugatesn.com\/?page_id=7"},{"@type":"ListItem","position":3,"name":"Equipaci\u00f3n amarilla y azul"}]},{"@type":"WebSite","@id":"https:\/\/drochman.santcugatesn.com\/#website","url":"https:\/\/drochman.santcugatesn.com\/","name":"Futbo Emotin","description":"","publisher":{"@id":"https:\/\/drochman.santcugatesn.com\/#organization"},"potentialAction":[{"@type":"SearchAction","target":{"@type":"EntryPoint","urlTemplate":"https:\/\/drochman.santcugatesn.com\/?s={search_term_string}"},"query-input":{"@type":"PropertyValueSpecification","valueRequired":true,"valueName":"search_term_string"}}],"inLanguage":"en-US"},{"@type":"Organization","@id":"https:\/\/drochman.santcugatesn.com\/#organization","name":"Futbo Emotin","url":"https:\/\/drochman.santcugatesn.com\/","logo":{"@type":"ImageObject","inLanguage":"en-US","@id":"https:\/\/drochman.santcugatesn.com\/#\/schema\/logo\/image\/","url":"https:\/\/drochman.santcugatesn.com\/wp-content\/uploads\/2025\/10\/cropped-football_emotion_logo_20251001081908_1__2_-removebg-preview-1.png","contentUrl":"https:\/\/drochman.santcugatesn.com\/wp-content\/uploads\/2025\/10\/cropped-football_emotion_logo_20251001081908_1__2_-removebg-preview-1.png","width":54,"height":50,"caption":"Futbo Emotin"},"image":{"@id":"https:\/\/drochman.santcugatesn.com\/#\/schema\/logo\/image\/"}}]}},"_links":{"self":[{"href":"https:\/\/drochman.santcugatesn.com\/index.php?rest_route=\/wp\/v2\/product\/146","targetHints":{"allow":["GET"]}}],"collection":[{"href":"https:\/\/drochman.santcugatesn.com\/index.php?rest_route=\/wp\/v2\/product"}],"about":[{"href":"https:\/\/drochman.santcugatesn.com\/index.php?rest_route=\/wp\/v2\/types\/product"}],"replies":[{"embeddable":true,"href":"https:\/\/drochman.santcugatesn.com\/index.php?rest_route=%2Fwp%2Fv2%2Fcomments&post=146"}],"wp:featuredmedia":[{"embeddable":true,"href":"https:\/\/drochman.santcugatesn.com\/index.php?rest_route=\/wp\/v2\/media\/144"}],"wp:attachment":[{"href":"https:\/\/drochman.santcugatesn.com\/index.php?rest_route=%2Fwp%2Fv2%2Fmedia&parent=146"}],"wp:term":[{"taxonomy":"product_brand","embeddable":true,"href":"https:\/\/drochman.santcugatesn.com\/index.php?rest_route=%2Fwp%2Fv2%2Fproduct_brand&post=146"},{"taxonomy":"product_cat","embeddable":true,"href":"https:\/\/drochman.santcugatesn.com\/index.php?rest_route=%2Fwp%2Fv2%2Fproduct_cat&post=146"},{"taxonomy":"product_tag","embeddable":true,"href":"https:\/\/drochman.santcugatesn.com\/index.php?rest_route=%2Fwp%2Fv2%2Fproduct_tag&post=146"}],"curies":[{"name":"wp","href":"https:\/\/api.w.org\/{rel}","templated":true}]}}