{"id":122,"date":"2025-11-04T19:06:20","date_gmt":"2025-11-04T19:06:20","guid":{"rendered":"https:\/\/drochman.santcugatesn.com\/?page_id=122"},"modified":"2025-11-04T22:49:36","modified_gmt":"2025-11-04T22:49:36","slug":"vive-la-pasion-del-futbol-con-la-mejor-calidad-y-confianza","status":"publish","type":"page","link":"https:\/\/drochman.santcugatesn.com\/?page_id=122","title":{"rendered":"Sobre nosotros"},"content":{"rendered":"\n<div class=\"wp-block-group alignfull is-content-justification-center\" style=\"margin-top:0;margin-bottom:0;padding-top:calc( 0.5 * var(--wp--style--root--padding-right, var(--wp--custom--gap--horizontal)));padding-right:var(--wp--style--root--padding-right, var(--wp--custom--gap--horizontal));padding-bottom:calc( 0.5 * var(--wp--style--root--padding-right, var(--wp--custom--gap--horizontal)));padding-left:var(--wp--style--root--padding-left, var(--wp--custom--gap--horizontal))\"><div class=\"wp-block-group__inner-container is-layout-constrained wp-container-core-group-is-layout-b073b61b wp-block-group-is-layout-constrained\">\n<div style=\"height:calc( 0.25 * var(--wp--style--root--padding-right, var(--wp--custom--gap--horizontal)))\" aria-hidden=\"true\" class=\"wp-block-spacer\"><\/div>\n\n\n\n<div class=\"wp-block-columns alignwide is-layout-flex wp-container-core-columns-is-layout-3da6863c wp-block-columns-is-layout-flex\">\n<div class=\"wp-block-column is-layout-flow wp-block-column-is-layout-flow\">\n<h3 class=\"wp-block-heading is-service-name has-medium-font-size\" style=\"font-style:normal;font-weight:700\">Qui\u00e9nes somos<\/h3>\n\n\n\n<p class=\"is-service-description\"><font dir=\"auto\" style=\"vertical-align: inherit;\"><font dir=\"auto\" style=\"vertical-align: inherit;\">Somos <\/font><\/font><strong><font dir=\"auto\" style=\"vertical-align: inherit;\"><font dir=\"auto\" style=\"vertical-align: inherit;\">Futbol Emotion<\/font><\/font><\/strong><font dir=\"auto\" style=\"vertical-align: inherit;\"><font dir=\"auto\" style=\"vertical-align: inherit;\"> , una tienda online creada por y para amantes del f\u00fatbol. Nos encanta este deporte y queremos que todo el mundo pueda disfrutarlo con el mejor material posible. <\/font><\/font><br><font dir=\"auto\" style=\"vertical-align: inherit;\"><font dir=\"auto\" style=\"vertical-align: inherit;\">Aqu\u00ed encontrar\u00e1s botas, camisetas, guantes y accesorios de tus marcas favoritas, siempre con buenos precios y estilo top. <\/font><\/font><br><font dir=\"auto\" style=\"vertical-align: inherit;\"><font dir=\"auto\" style=\"vertical-align: inherit;\">Porque para nosotros, el f\u00fatbol no solo se juega\u2026 <\/font><\/font><strong><font dir=\"auto\" style=\"vertical-align: inherit;\"><font dir=\"auto\" style=\"vertical-align: inherit;\">se vive<\/font><\/font><\/strong><font dir=\"auto\" style=\"vertical-align: inherit;\"><font dir=\"auto\" style=\"vertical-align: inherit;\"> .<\/font><\/font><\/p>\n\n\n\n<div class=\"wp-block-group alignfull is-content-justification-center\" style=\"margin-top:0;margin-bottom:0;padding-top:calc( 0.5 * var(--wp--style--root--padding-right, var(--wp--custom--gap--horizontal)));padding-right:var(--wp--style--root--padding-right, var(--wp--custom--gap--horizontal));padding-bottom:calc( 0.5 * var(--wp--style--root--padding-right, var(--wp--custom--gap--horizontal)));padding-left:var(--wp--style--root--padding-left, var(--wp--custom--gap--horizontal))\"><div class=\"wp-block-group__inner-container is-layout-constrained wp-container-core-group-is-layout-b073b61b wp-block-group-is-layout-constrained\">\n<div style=\"height:calc( 0.25 * var(--wp--style--root--padding-right, var(--wp--custom--gap--horizontal)))\" aria-hidden=\"true\" class=\"wp-block-spacer\"><\/div>\n\n\n\n<div style=\"height:var(--wp--preset--spacing--20)\" aria-hidden=\"true\" class=\"wp-block-spacer\"><\/div>\n\n\n\n<div class=\"wp-block-columns alignwide is-layout-flex wp-container-core-columns-is-layout-41e3e26a wp-block-columns-is-layout-flex\">\n<div class=\"wp-block-column is-layout-flow wp-block-column-is-layout-flow\">\n<figure class=\"wp-block-image size-full\"><img loading=\"lazy\" decoding=\"async\" width=\"1080\" height=\"1080\" src=\"https:\/\/drochman.santcugatesn.com\/wp-content\/uploads\/2025\/11\/best-football-background-vkr4qy2utkrsn5rj-edited.jpg\" alt=\"Vive la pasi\u00f3n del f\u00fatbol con la mejor calidad y confianza\" class=\"wp-image-135\" srcset=\"https:\/\/drochman.santcugatesn.com\/wp-content\/uploads\/2025\/11\/best-football-background-vkr4qy2utkrsn5rj-edited.jpg 1080w, https:\/\/drochman.santcugatesn.com\/wp-content\/uploads\/2025\/11\/best-football-background-vkr4qy2utkrsn5rj-edited-300x300.jpg 300w, https:\/\/drochman.santcugatesn.com\/wp-content\/uploads\/2025\/11\/best-football-background-vkr4qy2utkrsn5rj-edited-1024x1024.jpg 1024w, https:\/\/drochman.santcugatesn.com\/wp-content\/uploads\/2025\/11\/best-football-background-vkr4qy2utkrsn5rj-edited-150x150.jpg 150w, https:\/\/drochman.santcugatesn.com\/wp-content\/uploads\/2025\/11\/best-football-background-vkr4qy2utkrsn5rj-edited-768x768.jpg 768w, https:\/\/drochman.santcugatesn.com\/wp-content\/uploads\/2025\/11\/best-football-background-vkr4qy2utkrsn5rj-edited-600x600.jpg 600w, https:\/\/drochman.santcugatesn.com\/wp-content\/uploads\/2025\/11\/best-football-background-vkr4qy2utkrsn5rj-edited-100x100.jpg 100w\" sizes=\"auto, (max-width: 1080px) 100vw, 1080px\" \/><\/figure>\n\n\n\n<div style=\"height:4px\" aria-hidden=\"true\" class=\"wp-block-spacer\"><\/div>\n\n\n\n<div class=\"wp-block-group\"><div class=\"wp-block-group__inner-container is-layout-flow wp-block-group-is-layout-flow\">\n<h3 class=\"wp-block-heading is-service-name has-medium-font-size\" style=\"font-style:normal;font-weight:700\">Nuestra misi\u00f3n<\/h3>\n<\/div><\/div>\n\n\n\n<p class=\"is-service-description\">En <strong>Futbol Emotion<\/strong> trabajamos para que cada jugador, sin importar su nivel, pueda disfrutar del f\u00fatbol con el mejor material posible. Queremos inspirar a las personas a superarse dentro y fuera del campo, ofreciendo productos de calidad y una experiencia de compra que combine comodidad, confianza y emoci\u00f3n.<\/p>\n<\/div>\n\n\n\n<div class=\"wp-block-column is-layout-flow wp-block-column-is-layout-flow\">\n<figure class=\"wp-block-image size-full\"><img loading=\"lazy\" decoding=\"async\" width=\"593\" height=\"593\" src=\"https:\/\/drochman.santcugatesn.com\/wp-content\/uploads\/2025\/11\/image-12-edited.png\" alt=\"Vive la pasi\u00f3n del f\u00fatbol con la mejor calidad y confianza\" class=\"wp-image-136\" srcset=\"https:\/\/drochman.santcugatesn.com\/wp-content\/uploads\/2025\/11\/image-12-edited.png 593w, https:\/\/drochman.santcugatesn.com\/wp-content\/uploads\/2025\/11\/image-12-edited-300x300.png 300w, https:\/\/drochman.santcugatesn.com\/wp-content\/uploads\/2025\/11\/image-12-edited-150x150.png 150w, https:\/\/drochman.santcugatesn.com\/wp-content\/uploads\/2025\/11\/image-12-edited-100x100.png 100w\" sizes=\"auto, (max-width: 593px) 100vw, 593px\" \/><\/figure>\n\n\n\n<div style=\"height:4px\" aria-hidden=\"true\" class=\"wp-block-spacer\"><\/div>\n\n\n\n<div class=\"wp-block-group\"><div class=\"wp-block-group__inner-container is-layout-flow wp-block-group-is-layout-flow\">\n<h3 class=\"wp-block-heading is-service-name has-medium-font-size\" style=\"font-style:normal;font-weight:700\">Nuestra visi\u00f3n<\/h3>\n<\/div><\/div>\n\n\n\n<p class=\"is-service-description\">Aspiramos a ser una tienda de referencia para los amantes del f\u00fatbol, no solo por nuestros productos, sino tambi\u00e9n por la pasi\u00f3n y cercan\u00eda con nuestros clientes. Buscamos seguir creciendo, innovando y llevando la emoci\u00f3n del f\u00fatbol a cada rinc\u00f3n, conectando a jugadores y aficionados en una misma comunidad.<\/p>\n<\/div>\n\n\n\n<div class=\"wp-block-column is-layout-flow wp-block-column-is-layout-flow\">\n<div style=\"height:4px\" aria-hidden=\"true\" class=\"wp-block-spacer\"><\/div>\n\n\n\n<figure class=\"wp-block-image size-full is-resized\"><img loading=\"lazy\" decoding=\"async\" width=\"655\" height=\"597\" src=\"https:\/\/drochman.santcugatesn.com\/wp-content\/uploads\/2025\/11\/image-10.png\" alt=\"Vive la pasi\u00f3n del f\u00fatbol con la mejor calidad y confianza\" class=\"wp-image-127\" style=\"width:261px;height:auto\" srcset=\"https:\/\/drochman.santcugatesn.com\/wp-content\/uploads\/2025\/11\/image-10.png 655w, https:\/\/drochman.santcugatesn.com\/wp-content\/uploads\/2025\/11\/image-10-300x273.png 300w, https:\/\/drochman.santcugatesn.com\/wp-content\/uploads\/2025\/11\/image-10-600x547.png 600w\" sizes=\"auto, (max-width: 655px) 100vw, 655px\" \/><\/figure>\n\n\n\n<div class=\"wp-block-group\"><div class=\"wp-block-group__inner-container is-layout-flow wp-block-group-is-layout-flow\">\n<h3 class=\"wp-block-heading is-service-name has-medium-font-size\" style=\"font-style:normal;font-weight:700\"><strong>Nuestros valores<\/strong><\/h3>\n<\/div><\/div>\n\n\n\n<p class=\"is-service-description\"><strong>Pasi\u00f3n:<\/strong> amamos lo que hacemos y lo transmitimos en cada detalle.<\/p>\n\n\n\n<p><strong>Calidad:<\/strong> trabajamos solo con marcas y productos de confianza.<\/p>\n\n\n\n<p><strong>Compromiso:<\/strong> queremos que cada cliente se sienta parte de nuestra familia futbolera.<\/p>\n\n\n\n<p class=\"is-service-description\"><strong>Innovaci\u00f3n:<\/strong> mejoramos constantemente para ofrecerte la mejor experiencia online.<\/p>\n<\/div>\n<\/div>\n\n\n\n<div style=\"height:calc( 0.25 * var(--wp--style--root--padding-right, var(--wp--custom--gap--horizontal)))\" aria-hidden=\"true\" class=\"wp-block-spacer\"><\/div>\n<\/div><\/div>\n<\/div>\n<\/div>\n\n\n\n<div style=\"height:calc( 0.25 * var(--wp--style--root--padding-right, var(--wp--custom--gap--horizontal)))\" aria-hidden=\"true\" class=\"wp-block-spacer\"><\/div>\n<\/div><\/div>\n\n\n\n<div class=\"wp-block-group alignfull is-content-justification-center\" style=\"margin-top:0;margin-bottom:0;padding-top:calc( 0.5 * var(--wp--style--root--padding-right, var(--wp--custom--gap--horizontal)));padding-right:var(--wp--style--root--padding-right, var(--wp--custom--gap--horizontal));padding-bottom:calc( 0.5 * var(--wp--style--root--padding-right, var(--wp--custom--gap--horizontal)));padding-left:var(--wp--style--root--padding-left, var(--wp--custom--gap--horizontal))\"><div class=\"wp-block-group__inner-container is-layout-constrained wp-container-core-group-is-layout-b073b61b wp-block-group-is-layout-constrained\">\n<div style=\"height:calc( 0.25 * var(--wp--style--root--padding-right, var(--wp--custom--gap--horizontal)))\" aria-hidden=\"true\" class=\"wp-block-spacer\"><\/div>\n\n\n\n<div class=\"wp-block-group alignfull is-content-justification-center\" style=\"margin-top:0;margin-bottom:0;padding-top:calc( 0.5 * var(--wp--style--root--padding-right, var(--wp--custom--gap--horizontal)));padding-right:var(--wp--style--root--padding-right, var(--wp--custom--gap--horizontal));padding-bottom:calc( 0.5 * var(--wp--style--root--padding-right, var(--wp--custom--gap--horizontal)));padding-left:var(--wp--style--root--padding-left, var(--wp--custom--gap--horizontal))\"><div class=\"wp-block-group__inner-container is-layout-constrained wp-container-core-group-is-layout-b073b61b wp-block-group-is-layout-constrained\">\n<div style=\"height:calc( 0.25 * var(--wp--style--root--padding-right, var(--wp--custom--gap--horizontal)))\" aria-hidden=\"true\" class=\"wp-block-spacer\"><\/div>\n\n\n\n<div style=\"height:calc( 0.25 * var(--wp--style--root--padding-right, var(--wp--custom--gap--horizontal)))\" aria-hidden=\"true\" class=\"wp-block-spacer\"><\/div>\n<\/div><\/div>\n\n\n\n<div style=\"height:calc( 0.25 * var(--wp--style--root--padding-right, var(--wp--custom--gap--horizontal)))\" aria-hidden=\"true\" class=\"wp-block-spacer\"><\/div>\n<\/div><\/div>\n\n\n\n<div class=\"wp-block-group alignfull has-contrast-color has-text-color is-vertical is-content-justification-center is-layout-flex wp-container-core-group-is-layout-f1198d31 wp-block-group-is-layout-flex\" style=\"min-height:40vh;margin-top:0;margin-bottom:0;padding-top:var(--wp--preset--spacing--60);padding-right:var(--wp--preset--spacing--50);padding-bottom:var(--wp--preset--spacing--60);padding-left:var(--wp--preset--spacing--50)\"><div style=\"margin-bottom:6px;\" class=\"is-default-size aligncenter wp-block-site-logo\"><a href=\"https:\/\/drochman.santcugatesn.com\/\" class=\"custom-logo-link\" rel=\"home\"><img loading=\"lazy\" decoding=\"async\" width=\"54\" height=\"50\" src=\"https:\/\/drochman.santcugatesn.com\/wp-content\/uploads\/2025\/10\/cropped-football_emotion_logo_20251001081908_1__2_-removebg-preview-1.png\" class=\"custom-logo\" alt=\"Futbo Emotin\" \/><\/a><\/div>\n\n\n<p class=\"has-text-align-center has-medium-font-size\">Proudly powered by <a href=\"https:\/\/wordpress.org\">WordPress<\/a><\/p>\n\n\n\n<ul class=\"wp-block-social-links has-normal-icon-size is-style-logos-only is-nowrap is-layout-flex wp-container-core-social-links-is-layout-53bee8aa wp-block-social-links-is-layout-flex\"><li class=\"wp-social-link wp-social-link-facebook  wp-block-social-link\"><a href=\"#\" class=\"wp-block-social-link-anchor\"><svg width=\"24\" height=\"24\" viewBox=\"0 0 24 24\" version=\"1.1\" xmlns=\"http:\/\/www.w3.org\/2000\/svg\" aria-hidden=\"true\" focusable=\"false\"><path d=\"M12 2C6.5 2 2 6.5 2 12c0 5 3.7 9.1 8.4 9.9v-7H7.9V12h2.5V9.8c0-2.5 1.5-3.9 3.8-3.9 1.1 0 2.2.2 2.2.2v2.5h-1.3c-1.2 0-1.6.8-1.6 1.6V12h2.8l-.4 2.9h-2.3v7C18.3 21.1 22 17 22 12c0-5.5-4.5-10-10-10z\"><\/path><\/svg><span class=\"wp-block-social-link-label screen-reader-text\">Facebook<\/span><\/a><\/li>\n\n<li class=\"wp-social-link wp-social-link-twitter  wp-block-social-link\"><a href=\"#\" class=\"wp-block-social-link-anchor\"><svg width=\"24\" height=\"24\" viewBox=\"0 0 24 24\" version=\"1.1\" xmlns=\"http:\/\/www.w3.org\/2000\/svg\" aria-hidden=\"true\" focusable=\"false\"><path d=\"M22.23,5.924c-0.736,0.326-1.527,0.547-2.357,0.646c0.847-0.508,1.498-1.312,1.804-2.27 c-0.793,0.47-1.671,0.812-2.606,0.996C18.324,4.498,17.257,4,16.077,4c-2.266,0-4.103,1.837-4.103,4.103 c0,0.322,0.036,0.635,0.106,0.935C8.67,8.867,5.647,7.234,3.623,4.751C3.27,5.357,3.067,6.062,3.067,6.814 c0,1.424,0.724,2.679,1.825,3.415c-0.673-0.021-1.305-0.206-1.859-0.513c0,0.017,0,0.034,0,0.052c0,1.988,1.414,3.647,3.292,4.023 c-0.344,0.094-0.707,0.144-1.081,0.144c-0.264,0-0.521-0.026-0.772-0.074c0.522,1.63,2.038,2.816,3.833,2.85 c-1.404,1.1-3.174,1.756-5.096,1.756c-0.331,0-0.658-0.019-0.979-0.057c1.816,1.164,3.973,1.843,6.29,1.843 c7.547,0,11.675-6.252,11.675-11.675c0-0.178-0.004-0.355-0.012-0.531C20.985,7.47,21.68,6.747,22.23,5.924z\"><\/path><\/svg><span class=\"wp-block-social-link-label screen-reader-text\">Twitter<\/span><\/a><\/li>\n\n<li class=\"wp-social-link wp-social-link-wordpress  wp-block-social-link\"><a href=\"#\" class=\"wp-block-social-link-anchor\"><svg width=\"24\" height=\"24\" viewBox=\"0 0 24 24\" version=\"1.1\" xmlns=\"http:\/\/www.w3.org\/2000\/svg\" aria-hidden=\"true\" focusable=\"false\"><path d=\"M12.158,12.786L9.46,20.625c0.806,0.237,1.657,0.366,2.54,0.366c1.047,0,2.051-0.181,2.986-0.51 c-0.024-0.038-0.046-0.079-0.065-0.124L12.158,12.786z M3.009,12c0,3.559,2.068,6.634,5.067,8.092L3.788,8.341 C3.289,9.459,3.009,10.696,3.009,12z M18.069,11.546c0-1.112-0.399-1.881-0.741-2.48c-0.456-0.741-0.883-1.368-0.883-2.109 c0-0.826,0.627-1.596,1.51-1.596c0.04,0,0.078,0.005,0.116,0.007C16.472,3.904,14.34,3.009,12,3.009 c-3.141,0-5.904,1.612-7.512,4.052c0.211,0.007,0.41,0.011,0.579,0.011c0.94,0,2.396-0.114,2.396-0.114 C7.947,6.93,8.004,7.642,7.52,7.699c0,0-0.487,0.057-1.029,0.085l3.274,9.739l1.968-5.901l-1.401-3.838 C9.848,7.756,9.389,7.699,9.389,7.699C8.904,7.67,8.961,6.93,9.446,6.958c0,0,1.484,0.114,2.368,0.114 c0.94,0,2.397-0.114,2.397-0.114c0.485-0.028,0.542,0.684,0.057,0.741c0,0-0.488,0.057-1.029,0.085l3.249,9.665l0.897-2.996 C17.841,13.284,18.069,12.316,18.069,11.546z M19.889,7.686c0.039,0.286,0.06,0.593,0.06,0.924c0,0.912-0.171,1.938-0.684,3.22 l-2.746,7.94c2.673-1.558,4.47-4.454,4.47-7.771C20.991,10.436,20.591,8.967,19.889,7.686z M12,22C6.486,22,2,17.514,2,12 C2,6.486,6.486,2,12,2c5.514,0,10,4.486,10,10C22,17.514,17.514,22,12,22z\"><\/path><\/svg><span class=\"wp-block-social-link-label screen-reader-text\">WordPress<\/span><\/a><\/li><\/ul>\n<\/div>\n","protected":false},"excerpt":{"rendered":"<p>Qui\u00e9nes somos Somos Futbol Emotion , una tienda online creada por y para amantes del f\u00fatbol. Nos encanta este deporte y queremos que todo el mundo pueda disfrutarlo con el mejor material posible. Aqu\u00ed encontrar\u00e1s botas, camisetas, guantes y accesorios de tus marcas favoritas, siempre con buenos precios y estilo top. Porque para nosotros, el&#8230;<\/p>\n<p class=\"more-link\"><a href=\"https:\/\/drochman.santcugatesn.com\/?page_id=122\" class=\"themebutton3\">Read More<\/a><\/p>\n","protected":false},"author":1,"featured_media":0,"parent":0,"menu_order":0,"comment_status":"closed","ping_status":"closed","template":"","meta":{"footnotes":""},"class_list":["post-122","page","type-page","status-publish","hentry"],"yoast_head":"<!-- This site is optimized with the Yoast SEO plugin v26.0 - https:\/\/yoast.com\/wordpress\/plugins\/seo\/ -->\n<title>Sobre nosotros - Futbo Emotin alt<\/title>\n<meta name=\"description\" content=\"En Futbol Emotion, creemos que el f\u00fatbol se vive en cada jugada, en cada entrenamiento y en cada victoria. Vive la pasi\u00f3n del f\u00fatbo\" \/>\n<meta name=\"robots\" content=\"index, follow, max-snippet:-1, max-image-preview:large, max-video-preview:-1\" \/>\n<link rel=\"canonical\" href=\"https:\/\/drochman.santcugatesn.com\/?page_id=122\" \/>\n<meta property=\"og:locale\" content=\"en_US\" \/>\n<meta property=\"og:type\" content=\"article\" \/>\n<meta property=\"og:title\" content=\"Sobre nosotros - Futbo Emotin alt\" \/>\n<meta property=\"og:description\" content=\"En Futbol Emotion, creemos que el f\u00fatbol se vive en cada jugada, en cada entrenamiento y en cada victoria. Vive la pasi\u00f3n del f\u00fatbo\" \/>\n<meta property=\"og:url\" content=\"https:\/\/drochman.santcugatesn.com\/?page_id=122\" \/>\n<meta property=\"og:site_name\" content=\"Futbo Emotin\" \/>\n<meta property=\"article:modified_time\" content=\"2025-11-04T22:49:36+00:00\" \/>\n<meta property=\"og:image\" content=\"https:\/\/drochman.santcugatesn.com\/wp-content\/uploads\/2025\/11\/best-football-background-vkr4qy2utkrsn5rj-edited.jpg\" \/>\n\t<meta property=\"og:image:width\" content=\"1080\" \/>\n\t<meta property=\"og:image:height\" content=\"1080\" \/>\n\t<meta property=\"og:image:type\" content=\"image\/jpeg\" \/>\n<meta name=\"twitter:card\" content=\"summary_large_image\" \/>\n<meta name=\"twitter:label1\" content=\"Est. reading time\" \/>\n\t<meta name=\"twitter:data1\" content=\"2 minutes\" \/>\n<script type=\"application\/ld+json\" class=\"yoast-schema-graph\">{\"@context\":\"https:\/\/schema.org\",\"@graph\":[{\"@type\":\"WebPage\",\"@id\":\"https:\/\/drochman.santcugatesn.com\/?page_id=122\",\"url\":\"https:\/\/drochman.santcugatesn.com\/?page_id=122\",\"name\":\"Sobre nosotros - Futbo Emotin alt\",\"isPartOf\":{\"@id\":\"https:\/\/drochman.santcugatesn.com\/#website\"},\"primaryImageOfPage\":{\"@id\":\"https:\/\/drochman.santcugatesn.com\/?page_id=122#primaryimage\"},\"image\":{\"@id\":\"https:\/\/drochman.santcugatesn.com\/?page_id=122#primaryimage\"},\"thumbnailUrl\":\"https:\/\/drochman.santcugatesn.com\/wp-content\/uploads\/2025\/11\/best-football-background-vkr4qy2utkrsn5rj-edited.jpg\",\"datePublished\":\"2025-11-04T19:06:20+00:00\",\"dateModified\":\"2025-11-04T22:49:36+00:00\",\"description\":\"En Futbol Emotion, creemos que el f\u00fatbol se vive en cada jugada, en cada entrenamiento y en cada victoria. Vive la pasi\u00f3n del f\u00fatbo\",\"breadcrumb\":{\"@id\":\"https:\/\/drochman.santcugatesn.com\/?page_id=122#breadcrumb\"},\"inLanguage\":\"en-US\",\"potentialAction\":[{\"@type\":\"ReadAction\",\"target\":[\"https:\/\/drochman.santcugatesn.com\/?page_id=122\"]}]},{\"@type\":\"ImageObject\",\"inLanguage\":\"en-US\",\"@id\":\"https:\/\/drochman.santcugatesn.com\/?page_id=122#primaryimage\",\"url\":\"https:\/\/drochman.santcugatesn.com\/wp-content\/uploads\/2025\/11\/best-football-background-vkr4qy2utkrsn5rj-edited.jpg\",\"contentUrl\":\"https:\/\/drochman.santcugatesn.com\/wp-content\/uploads\/2025\/11\/best-football-background-vkr4qy2utkrsn5rj-edited.jpg\",\"width\":1080,\"height\":1080,\"caption\":\"Vive la pasi\u00f3n del f\u00fatbol con la mejor calidad y confianza\"},{\"@type\":\"BreadcrumbList\",\"@id\":\"https:\/\/drochman.santcugatesn.com\/?page_id=122#breadcrumb\",\"itemListElement\":[{\"@type\":\"ListItem\",\"position\":1,\"name\":\"Home\",\"item\":\"https:\/\/drochman.santcugatesn.com\/\"},{\"@type\":\"ListItem\",\"position\":2,\"name\":\"Sobre nosotros\"}]},{\"@type\":\"WebSite\",\"@id\":\"https:\/\/drochman.santcugatesn.com\/#website\",\"url\":\"https:\/\/drochman.santcugatesn.com\/\",\"name\":\"Futbo Emotin\",\"description\":\"\",\"publisher\":{\"@id\":\"https:\/\/drochman.santcugatesn.com\/#organization\"},\"potentialAction\":[{\"@type\":\"SearchAction\",\"target\":{\"@type\":\"EntryPoint\",\"urlTemplate\":\"https:\/\/drochman.santcugatesn.com\/?s={search_term_string}\"},\"query-input\":{\"@type\":\"PropertyValueSpecification\",\"valueRequired\":true,\"valueName\":\"search_term_string\"}}],\"inLanguage\":\"en-US\"},{\"@type\":\"Organization\",\"@id\":\"https:\/\/drochman.santcugatesn.com\/#organization\",\"name\":\"Futbo Emotin\",\"url\":\"https:\/\/drochman.santcugatesn.com\/\",\"logo\":{\"@type\":\"ImageObject\",\"inLanguage\":\"en-US\",\"@id\":\"https:\/\/drochman.santcugatesn.com\/#\/schema\/logo\/image\/\",\"url\":\"https:\/\/drochman.santcugatesn.com\/wp-content\/uploads\/2025\/10\/cropped-football_emotion_logo_20251001081908_1__2_-removebg-preview-1.png\",\"contentUrl\":\"https:\/\/drochman.santcugatesn.com\/wp-content\/uploads\/2025\/10\/cropped-football_emotion_logo_20251001081908_1__2_-removebg-preview-1.png\",\"width\":54,\"height\":50,\"caption\":\"Futbo Emotin\"},\"image\":{\"@id\":\"https:\/\/drochman.santcugatesn.com\/#\/schema\/logo\/image\/\"}}]}<\/script>\n<!-- \/ Yoast SEO plugin. -->","yoast_head_json":{"title":"Sobre nosotros - Futbo Emotin alt","description":"En Futbol Emotion, creemos que el f\u00fatbol se vive en cada jugada, en cada entrenamiento y en cada victoria. Vive la pasi\u00f3n del f\u00fatbo","robots":{"index":"index","follow":"follow","max-snippet":"max-snippet:-1","max-image-preview":"max-image-preview:large","max-video-preview":"max-video-preview:-1"},"canonical":"https:\/\/drochman.santcugatesn.com\/?page_id=122","og_locale":"en_US","og_type":"article","og_title":"Sobre nosotros - Futbo Emotin alt","og_description":"En Futbol Emotion, creemos que el f\u00fatbol se vive en cada jugada, en cada entrenamiento y en cada victoria. Vive la pasi\u00f3n del f\u00fatbo","og_url":"https:\/\/drochman.santcugatesn.com\/?page_id=122","og_site_name":"Futbo Emotin","article_modified_time":"2025-11-04T22:49:36+00:00","og_image":[{"width":1080,"height":1080,"url":"https:\/\/drochman.santcugatesn.com\/wp-content\/uploads\/2025\/11\/best-football-background-vkr4qy2utkrsn5rj-edited.jpg","type":"image\/jpeg"}],"twitter_card":"summary_large_image","twitter_misc":{"Est. reading time":"2 minutes"},"schema":{"@context":"https:\/\/schema.org","@graph":[{"@type":"WebPage","@id":"https:\/\/drochman.santcugatesn.com\/?page_id=122","url":"https:\/\/drochman.santcugatesn.com\/?page_id=122","name":"Sobre nosotros - Futbo Emotin alt","isPartOf":{"@id":"https:\/\/drochman.santcugatesn.com\/#website"},"primaryImageOfPage":{"@id":"https:\/\/drochman.santcugatesn.com\/?page_id=122#primaryimage"},"image":{"@id":"https:\/\/drochman.santcugatesn.com\/?page_id=122#primaryimage"},"thumbnailUrl":"https:\/\/drochman.santcugatesn.com\/wp-content\/uploads\/2025\/11\/best-football-background-vkr4qy2utkrsn5rj-edited.jpg","datePublished":"2025-11-04T19:06:20+00:00","dateModified":"2025-11-04T22:49:36+00:00","description":"En Futbol Emotion, creemos que el f\u00fatbol se vive en cada jugada, en cada entrenamiento y en cada victoria. Vive la pasi\u00f3n del f\u00fatbo","breadcrumb":{"@id":"https:\/\/drochman.santcugatesn.com\/?page_id=122#breadcrumb"},"inLanguage":"en-US","potentialAction":[{"@type":"ReadAction","target":["https:\/\/drochman.santcugatesn.com\/?page_id=122"]}]},{"@type":"ImageObject","inLanguage":"en-US","@id":"https:\/\/drochman.santcugatesn.com\/?page_id=122#primaryimage","url":"https:\/\/drochman.santcugatesn.com\/wp-content\/uploads\/2025\/11\/best-football-background-vkr4qy2utkrsn5rj-edited.jpg","contentUrl":"https:\/\/drochman.santcugatesn.com\/wp-content\/uploads\/2025\/11\/best-football-background-vkr4qy2utkrsn5rj-edited.jpg","width":1080,"height":1080,"caption":"Vive la pasi\u00f3n del f\u00fatbol con la mejor calidad y confianza"},{"@type":"BreadcrumbList","@id":"https:\/\/drochman.santcugatesn.com\/?page_id=122#breadcrumb","itemListElement":[{"@type":"ListItem","position":1,"name":"Home","item":"https:\/\/drochman.santcugatesn.com\/"},{"@type":"ListItem","position":2,"name":"Sobre nosotros"}]},{"@type":"WebSite","@id":"https:\/\/drochman.santcugatesn.com\/#website","url":"https:\/\/drochman.santcugatesn.com\/","name":"Futbo Emotin","description":"","publisher":{"@id":"https:\/\/drochman.santcugatesn.com\/#organization"},"potentialAction":[{"@type":"SearchAction","target":{"@type":"EntryPoint","urlTemplate":"https:\/\/drochman.santcugatesn.com\/?s={search_term_string}"},"query-input":{"@type":"PropertyValueSpecification","valueRequired":true,"valueName":"search_term_string"}}],"inLanguage":"en-US"},{"@type":"Organization","@id":"https:\/\/drochman.santcugatesn.com\/#organization","name":"Futbo Emotin","url":"https:\/\/drochman.santcugatesn.com\/","logo":{"@type":"ImageObject","inLanguage":"en-US","@id":"https:\/\/drochman.santcugatesn.com\/#\/schema\/logo\/image\/","url":"https:\/\/drochman.santcugatesn.com\/wp-content\/uploads\/2025\/10\/cropped-football_emotion_logo_20251001081908_1__2_-removebg-preview-1.png","contentUrl":"https:\/\/drochman.santcugatesn.com\/wp-content\/uploads\/2025\/10\/cropped-football_emotion_logo_20251001081908_1__2_-removebg-preview-1.png","width":54,"height":50,"caption":"Futbo Emotin"},"image":{"@id":"https:\/\/drochman.santcugatesn.com\/#\/schema\/logo\/image\/"}}]}},"_links":{"self":[{"href":"https:\/\/drochman.santcugatesn.com\/index.php?rest_route=\/wp\/v2\/pages\/122","targetHints":{"allow":["GET"]}}],"collection":[{"href":"https:\/\/drochman.santcugatesn.com\/index.php?rest_route=\/wp\/v2\/pages"}],"about":[{"href":"https:\/\/drochman.santcugatesn.com\/index.php?rest_route=\/wp\/v2\/types\/page"}],"author":[{"embeddable":true,"href":"https:\/\/drochman.santcugatesn.com\/index.php?rest_route=\/wp\/v2\/users\/1"}],"replies":[{"embeddable":true,"href":"https:\/\/drochman.santcugatesn.com\/index.php?rest_route=%2Fwp%2Fv2%2Fcomments&post=122"}],"version-history":[{"count":2,"href":"https:\/\/drochman.santcugatesn.com\/index.php?rest_route=\/wp\/v2\/pages\/122\/revisions"}],"predecessor-version":[{"id":176,"href":"https:\/\/drochman.santcugatesn.com\/index.php?rest_route=\/wp\/v2\/pages\/122\/revisions\/176"}],"wp:attachment":[{"href":"https:\/\/drochman.santcugatesn.com\/index.php?rest_route=%2Fwp%2Fv2%2Fmedia&parent=122"}],"curies":[{"name":"wp","href":"https:\/\/api.w.org\/{rel}","templated":true}]}}