{"id":110,"date":"2025-11-04T17:28:01","date_gmt":"2025-11-04T17:28:01","guid":{"rendered":"https:\/\/drochman.santcugatesn.com\/?page_id=110"},"modified":"2025-11-04T19:58:31","modified_gmt":"2025-11-04T19:58:31","slug":"inicio","status":"publish","type":"page","link":"https:\/\/drochman.santcugatesn.com\/","title":{"rendered":"Inicio"},"content":{"rendered":"\n<div class=\"wp-block-group alignfull wc-blocks-pattern-header-centered-menu wc-blocks-header-pattern\"><div class=\"wp-block-group__inner-container is-layout-constrained wp-block-group-is-layout-constrained\">\n<hr class=\"wp-block-separator alignfull has-alpha-channel-opacity is-style-wide\"\/>\n<\/div><\/div>\n\n\n\n<div class=\"wp-block-group alignfull is-content-justification-center\" style=\"margin-top:0;margin-bottom:0;padding-top:calc( 0.5 * var(--wp--style--root--padding-right, var(--wp--custom--gap--horizontal)));padding-right:var(--wp--style--root--padding-right, var(--wp--custom--gap--horizontal));padding-bottom:calc( 0.5 * var(--wp--style--root--padding-right, var(--wp--custom--gap--horizontal)));padding-left:var(--wp--style--root--padding-left, var(--wp--custom--gap--horizontal))\"><div class=\"wp-block-group__inner-container is-layout-constrained wp-container-core-group-is-layout-b073b61b wp-block-group-is-layout-constrained\">\n<div style=\"height:calc( 0.25 * var(--wp--style--root--padding-right, var(--wp--custom--gap--horizontal)))\" aria-hidden=\"true\" class=\"wp-block-spacer\"><\/div>\n\n\n\n<div class=\"wp-block-columns alignwide are-vertically-aligned-center is-layout-flex wp-container-core-columns-is-layout-6aa4370a wp-block-columns-is-layout-flex\">\n<div class=\"wp-block-column is-vertically-aligned-center is-layout-flow wp-block-column-is-layout-flow\">\n<figure class=\"wp-block-image size-full is-resized\"><img loading=\"lazy\" decoding=\"async\" width=\"1024\" height=\"1024\" src=\"https:\/\/drochman.santcugatesn.com\/wp-content\/uploads\/2025\/11\/football_emotion_customer_testimonial_1_20251008080956_1.webp\" alt=\"\" class=\"wp-image-111\" style=\"object-fit:cover;width:390px;height:auto\" srcset=\"https:\/\/drochman.santcugatesn.com\/wp-content\/uploads\/2025\/11\/football_emotion_customer_testimonial_1_20251008080956_1.webp 1024w, https:\/\/drochman.santcugatesn.com\/wp-content\/uploads\/2025\/11\/football_emotion_customer_testimonial_1_20251008080956_1-300x300.webp 300w, https:\/\/drochman.santcugatesn.com\/wp-content\/uploads\/2025\/11\/football_emotion_customer_testimonial_1_20251008080956_1-150x150.webp 150w, https:\/\/drochman.santcugatesn.com\/wp-content\/uploads\/2025\/11\/football_emotion_customer_testimonial_1_20251008080956_1-768x768.webp 768w, https:\/\/drochman.santcugatesn.com\/wp-content\/uploads\/2025\/11\/football_emotion_customer_testimonial_1_20251008080956_1-600x600.webp 600w, https:\/\/drochman.santcugatesn.com\/wp-content\/uploads\/2025\/11\/football_emotion_customer_testimonial_1_20251008080956_1-100x100.webp 100w\" sizes=\"auto, (max-width: 1024px) 100vw, 1024px\" \/><\/figure>\n<\/div>\n\n\n\n<div class=\"wp-block-column is-vertically-aligned-center is-layout-flow wp-block-column-is-layout-flow\">\n<h2 class=\"wp-block-heading alignwide\">Bienvenido a Futbol Emotion<\/h2>\n\n\n\n<p>En Futbol Emotion compartimos tu pasi\u00f3n por el f\u00fatbol. Aqu\u00ed encontrar\u00e1s todo lo que necesitas para vivir este deporte al m\u00e1ximo: botas, camisetas oficiales, equipaciones, guantes y accesorios de las mejores marcas. Nuestra misi\u00f3n es ofrecer productos de calidad, al mejor precio, con una experiencia de compra r\u00e1pida, segura y moderna. Ya seas jugador, entrenador o aficionado, Futbol Emotion es tu punto de encuentro con el f\u00fatbol. <\/p>\n\n\n\n<div class=\"wp-block-buttons is-layout-flex wp-block-buttons-is-layout-flex\">\n<div class=\"wp-block-button\"><a class=\"wp-block-button__link wp-element-button\" href=\"https:\/\/drochman.santcugatesn.com\/?page_id=163\">\u00a1Cont\u00e1ctanos!<\/a><\/div>\n<\/div>\n<\/div>\n<\/div>\n\n\n\n<div style=\"height:calc( 0.25 * var(--wp--style--root--padding-right, var(--wp--custom--gap--horizontal)))\" aria-hidden=\"true\" class=\"wp-block-spacer\"><\/div>\n<\/div><\/div>\n\n\n\n<div class=\"wp-block-group\"><div class=\"wp-block-group__inner-container is-layout-constrained wp-block-group-is-layout-constrained\">\n<div class=\"wp-block-group alignfull is-content-justification-center\" style=\"margin-top:0;margin-bottom:0;padding-top:calc( 0.5 * var(--wp--style--root--padding-right, var(--wp--custom--gap--horizontal)));padding-right:var(--wp--style--root--padding-right, var(--wp--custom--gap--horizontal));padding-bottom:calc( 0.5 * var(--wp--style--root--padding-right, var(--wp--custom--gap--horizontal)));padding-left:var(--wp--style--root--padding-left, var(--wp--custom--gap--horizontal))\"><div class=\"wp-block-group__inner-container is-layout-constrained wp-container-core-group-is-layout-b073b61b wp-block-group-is-layout-constrained\">\n<div style=\"height:calc( 0.25 * var(--wp--style--root--padding-right, var(--wp--custom--gap--horizontal)))\" aria-hidden=\"true\" class=\"wp-block-spacer\"><\/div>\n\n\n\n<div class=\"wp-block-columns alignwide is-layout-flex wp-container-core-columns-is-layout-6aa4370a wp-block-columns-is-layout-flex\">\n<div class=\"wp-block-column is-layout-flow wp-block-column-is-layout-flow\"><\/div>\n<\/div>\n\n\n\n<div class=\"wp-block-group alignfull is-content-justification-center\" style=\"margin-top:0;margin-bottom:0;padding-top:calc( 0.5 * var(--wp--style--root--padding-right, var(--wp--custom--gap--horizontal)));padding-right:var(--wp--style--root--padding-right, var(--wp--custom--gap--horizontal));padding-bottom:calc( 0.5 * var(--wp--style--root--padding-right, var(--wp--custom--gap--horizontal)));padding-left:var(--wp--style--root--padding-left, var(--wp--custom--gap--horizontal))\"><div class=\"wp-block-group__inner-container is-layout-constrained wp-container-core-group-is-layout-bea43fe8 wp-block-group-is-layout-constrained\">\n<div style=\"height:calc( 0.25 * var(--wp--style--root--padding-right, var(--wp--custom--gap--horizontal)))\" aria-hidden=\"true\" class=\"wp-block-spacer\"><\/div>\n\n\n\n<div class=\"wp-block-columns alignfull is-layout-flex wp-container-core-columns-is-layout-5f4f44cd wp-block-columns-is-layout-flex\" style=\"padding-top:0;padding-right:0;padding-bottom:0;padding-left:0\">\n<div class=\"wp-block-column is-vertically-aligned-center is-layout-flow wp-block-column-is-layout-flow\">\n<div class=\"wp-block-group is-nowrap is-layout-flex wp-container-core-group-is-layout-ad2f72ca wp-block-group-is-layout-flex\" style=\"font-size:0px\">\n<div class=\"wp-block-group has-medium-font-size\"><div class=\"wp-block-group__inner-container is-layout-constrained wp-block-group-is-layout-constrained\">\n<h5 class=\"wp-block-heading has-text-align-left has-large-font-size\" style=\"font-size:32px\"><strong>Descuentos que te hacen marcar goles<\/strong><\/h5>\n\n\n\n<p style=\"margin-bottom:var(--wp--preset--spacing--40)\">Aprovecha nuestras ofertas de hasta el <strong>50% de descuento<\/strong> en las mejores marcas: Nike, Adidas y Puma. Equ\u00edpate como un profesional con la m\u00e1xima calidad al mejor precio. \u00a1Solo por tiempo limitado!<\/p>\n<\/div><\/div>\n<\/div>\n<\/div>\n\n\n\n<div class=\"wp-block-column is-vertically-aligned-center is-layout-constrained wp-container-core-column-is-layout-82686151 wp-block-column-is-layout-constrained\" style=\"padding-top:0;padding-right:0;padding-bottom:0;padding-left:0\"><div class=\"wp-block-image\">\n<figure class=\"alignright size-full\"><img loading=\"lazy\" decoding=\"async\" width=\"657\" height=\"328\" src=\"https:\/\/drochman.santcugatesn.com\/wp-content\/uploads\/2025\/11\/image-4.png\" alt=\"\" class=\"wp-image-116\" srcset=\"https:\/\/drochman.santcugatesn.com\/wp-content\/uploads\/2025\/11\/image-4.png 657w, https:\/\/drochman.santcugatesn.com\/wp-content\/uploads\/2025\/11\/image-4-300x150.png 300w, https:\/\/drochman.santcugatesn.com\/wp-content\/uploads\/2025\/11\/image-4-600x300.png 600w\" sizes=\"auto, (max-width: 657px) 100vw, 657px\" \/><\/figure>\n<\/div><\/div>\n<\/div>\n\n\n\n<div class=\"wp-block-group alignfull\"><div class=\"wp-block-group__inner-container is-layout-constrained wp-block-group-is-layout-constrained\">\n<div class=\"wp-block-columns alignfull is-layout-flex wp-container-core-columns-is-layout-5f4f44cd wp-block-columns-is-layout-flex\" style=\"padding-top:0;padding-right:0;padding-bottom:0;padding-left:0\">\n<div class=\"wp-block-column is-vertically-aligned-center is-layout-flow wp-block-column-is-layout-flow\" style=\"padding-top:0;padding-right:0;padding-bottom:0;padding-left:0\">\n<figure class=\"wp-block-image size-full is-resized\"><img loading=\"lazy\" decoding=\"async\" width=\"653\" height=\"279\" src=\"https:\/\/drochman.santcugatesn.com\/wp-content\/uploads\/2025\/11\/image-5.png\" alt=\"\" class=\"wp-image-117\" style=\"width:388px;height:auto\" srcset=\"https:\/\/drochman.santcugatesn.com\/wp-content\/uploads\/2025\/11\/image-5.png 653w, https:\/\/drochman.santcugatesn.com\/wp-content\/uploads\/2025\/11\/image-5-300x128.png 300w, https:\/\/drochman.santcugatesn.com\/wp-content\/uploads\/2025\/11\/image-5-600x256.png 600w\" sizes=\"auto, (max-width: 653px) 100vw, 653px\" \/><\/figure>\n<\/div>\n\n\n\n<div class=\"wp-block-column is-vertically-aligned-center is-layout-flow wp-block-column-is-layout-flow\">\n<h2 class=\"wp-block-heading\" style=\"text-transform:capitalize\"><strong>Nueva colecci\u00f3n 2025<\/strong><\/h2>\n\n\n\n<div class=\"wp-block-group\"><div class=\"wp-block-group__inner-container is-layout-constrained wp-block-group-is-layout-constrained\">\n<div class=\"wp-block-group\"><div class=\"wp-block-group__inner-container is-layout-constrained wp-block-group-is-layout-constrained\">\n<h4 class=\"wp-block-heading has-cardo-font-family has-medium-font-size\" style=\"font-style:normal;font-weight:400\">\u00a1Lo nuevo ya est\u00e1 aqu\u00ed! Colores potentes, dise\u00f1os \u00fanicos y todo lo que necesitas para brillar en el campo.  Vive la emoci\u00f3n del f\u00fatbol con estilo.<\/h4>\n<\/div><\/div>\n<\/div><\/div>\n<\/div>\n<\/div>\n<\/div><\/div>\n\n\n\n<div style=\"height:calc( 0.25 * var(--wp--style--root--padding-right, var(--wp--custom--gap--horizontal)))\" aria-hidden=\"true\" class=\"wp-block-spacer\"><\/div>\n<\/div><\/div>\n\n\n\n<div style=\"height:calc( 0.25 * var(--wp--style--root--padding-right, var(--wp--custom--gap--horizontal)))\" aria-hidden=\"true\" class=\"wp-block-spacer\"><\/div>\n<\/div><\/div>\n<\/div><\/div>\n\n\n\n<div class=\"wp-block-group alignfull has-background\" style=\"background-color:#00000008;padding-top:var(--wp--preset--spacing--50);padding-right:var(--wp--preset--spacing--40);padding-bottom:var(--wp--preset--spacing--50);padding-left:var(--wp--preset--spacing--40)\"><div class=\"wp-block-group__inner-container is-layout-constrained wp-container-core-group-is-layout-141b4844 wp-block-group-is-layout-constrained\">\n<div class=\"wp-block-group alignwide is-content-justification-space-between is-layout-flex wp-container-core-group-is-layout-0d19cf55 wp-block-group-is-layout-flex\">\n<div class=\"wp-block-group wp-container-content-9cfa9a5a is-content-justification-left\"><div class=\"wp-block-group__inner-container is-layout-constrained wp-container-core-group-is-layout-8c890d92 wp-block-group-is-layout-constrained\">\n<p class=\"has-text-align-left\" style=\"font-size:0.9rem;font-style:normal;font-weight:600;letter-spacing:1px;text-transform:uppercase\">Search<\/p>\n\n\n<form role=\"search\" method=\"get\" action=\"https:\/\/drochman.santcugatesn.com\/\" class=\"wp-block-search__button-outside wp-block-search__icon-button wp-block-search\"    ><label class=\"wp-block-search__label screen-reader-text\" for=\"wp-block-search__input-1\" >Search<\/label><div class=\"wp-block-search__inside-wrapper\"  style=\"width: 100%\"><input class=\"wp-block-search__input\" id=\"wp-block-search__input-1\" placeholder=\"\" value=\"\" type=\"search\" name=\"s\" required  style=\"border-width: 1px\"\/><button aria-label=\"Search\" class=\"wp-block-search__button has-icon wp-element-button\" type=\"submit\"  style=\"border-width: 1px\"><svg class=\"search-icon\" viewBox=\"0 0 24 24\" width=\"24\" height=\"24\">\n\t\t\t\t\t<path d=\"M13 5c-3.3 0-6 2.7-6 6 0 1.4.5 2.7 1.3 3.7l-3.8 3.8 1.1 1.1 3.8-3.8c1 .8 2.3 1.3 3.7 1.3 3.3 0 6-2.7 6-6S16.3 5 13 5zm0 10.5c-2.5 0-4.5-2-4.5-4.5s2-4.5 4.5-4.5 4.5 2 4.5 4.5-2 4.5-4.5 4.5z\"><\/path>\n\t\t\t\t<\/svg><\/button><\/div><\/form><\/div><\/div>\n\n\n\n<div class=\"wp-block-group is-content-justification-right is-nowrap is-layout-flex wp-container-core-group-is-layout-b4654d8f wp-block-group-is-layout-flex\">\n<div class=\"wp-block-group is-vertical is-layout-flex wp-container-core-group-is-layout-8cf370e7 wp-block-group-is-layout-flex\">\n<p class=\"has-text-align-left\" style=\"font-size:0.9rem;font-style:normal;font-weight:600;letter-spacing:1px;text-transform:uppercase\">Social<\/p>\n\n\n\n<div class=\"wp-block-group has-small-font-size is-vertical is-content-justification-left is-layout-flex wp-container-core-group-is-layout-d2172249 wp-block-group-is-layout-flex\">\n<p><a href=\"#\">Facebook<\/a><\/p>\n\n\n\n<p><a href=\"#\">Instagram<\/a><\/p>\n\n\n\n<p><a href=\"#\">Twitter<\/a><\/p>\n<\/div>\n<\/div>\n<\/div>\n<\/div>\n\n\n\n<div style=\"height:48px\" aria-hidden=\"true\" class=\"wp-block-spacer\"><\/div>\n\n\n\n<div class=\"wp-block-group alignwide is-content-justification-space-between is-layout-flex wp-container-core-group-is-layout-256aec57 wp-block-group-is-layout-flex\">\n<div class=\"wp-block-group is-layout-flex wp-block-group-is-layout-flex\"><h1 class=\"wp-block-site-title has-small-font-size\"><a href=\"https:\/\/drochman.santcugatesn.com\" target=\"_self\" rel=\"home\">Futbo Emotin<\/a><\/h1><\/div>\n\n\n\n<p class=\"has-small-font-size\"> Proudly powered by <a rel=\"nofollow\" href=\"https:\/\/wordpress.org\">WordPress<\/a> <\/p>\n<\/div>\n<\/div><\/div>\n","protected":false},"excerpt":{"rendered":"<p>Bienvenido a Futbol Emotion En Futbol Emotion compartimos tu pasi\u00f3n por el f\u00fatbol. Aqu\u00ed encontrar\u00e1s todo lo que necesitas para vivir este deporte al m\u00e1ximo: botas, camisetas oficiales, equipaciones, guantes y accesorios de las mejores marcas. Nuestra misi\u00f3n es ofrecer productos de calidad, al mejor precio, con una experiencia de compra r\u00e1pida, segura y moderna&#8230;.<\/p>\n<p class=\"more-link\"><a href=\"https:\/\/drochman.santcugatesn.com\/\" class=\"themebutton3\">Read More<\/a><\/p>\n","protected":false},"author":1,"featured_media":0,"parent":0,"menu_order":0,"comment_status":"closed","ping_status":"closed","template":"","meta":{"footnotes":""},"class_list":["post-110","page","type-page","status-publish","hentry"],"yoast_head":"<!-- This site is optimized with the Yoast SEO plugin v26.0 - https:\/\/yoast.com\/wordpress\/plugins\/seo\/ -->\n<title>Inicio - Futbo Emotin<\/title>\n<meta name=\"robots\" content=\"index, follow, max-snippet:-1, max-image-preview:large, max-video-preview:-1\" \/>\n<link rel=\"canonical\" href=\"https:\/\/drochman.santcugatesn.com\/\" \/>\n<meta property=\"og:locale\" content=\"en_US\" \/>\n<meta property=\"og:type\" content=\"article\" \/>\n<meta property=\"og:title\" content=\"Inicio - Futbo Emotin\" \/>\n<meta property=\"og:description\" content=\"Bienvenido a Futbol Emotion En Futbol Emotion compartimos tu pasi\u00f3n por el f\u00fatbol. Aqu\u00ed encontrar\u00e1s todo lo que necesitas para vivir este deporte al m\u00e1ximo: botas, camisetas oficiales, equipaciones, guantes y accesorios de las mejores marcas. Nuestra misi\u00f3n es ofrecer productos de calidad, al mejor precio, con una experiencia de compra r\u00e1pida, segura y moderna....Read More\" \/>\n<meta property=\"og:url\" content=\"https:\/\/drochman.santcugatesn.com\/\" \/>\n<meta property=\"og:site_name\" content=\"Futbo Emotin\" \/>\n<meta property=\"article:modified_time\" content=\"2025-11-04T19:58:31+00:00\" \/>\n<meta property=\"og:image\" content=\"https:\/\/drochman.santcugatesn.com\/wp-content\/uploads\/2025\/11\/football_emotion_customer_testimonial_1_20251008080956_1.webp\" \/>\n\t<meta property=\"og:image:width\" content=\"1024\" \/>\n\t<meta property=\"og:image:height\" content=\"1024\" \/>\n\t<meta property=\"og:image:type\" content=\"image\/webp\" \/>\n<meta name=\"twitter:card\" content=\"summary_large_image\" \/>\n<meta name=\"twitter:label1\" content=\"Est. reading time\" \/>\n\t<meta name=\"twitter:data1\" content=\"2 minutes\" \/>\n<script type=\"application\/ld+json\" class=\"yoast-schema-graph\">{\"@context\":\"https:\/\/schema.org\",\"@graph\":[{\"@type\":\"WebPage\",\"@id\":\"https:\/\/drochman.santcugatesn.com\/\",\"url\":\"https:\/\/drochman.santcugatesn.com\/\",\"name\":\"Inicio - Futbo Emotin\",\"isPartOf\":{\"@id\":\"https:\/\/drochman.santcugatesn.com\/#website\"},\"primaryImageOfPage\":{\"@id\":\"https:\/\/drochman.santcugatesn.com\/#primaryimage\"},\"image\":{\"@id\":\"https:\/\/drochman.santcugatesn.com\/#primaryimage\"},\"thumbnailUrl\":\"https:\/\/drochman.santcugatesn.com\/wp-content\/uploads\/2025\/11\/football_emotion_customer_testimonial_1_20251008080956_1.webp\",\"datePublished\":\"2025-11-04T17:28:01+00:00\",\"dateModified\":\"2025-11-04T19:58:31+00:00\",\"breadcrumb\":{\"@id\":\"https:\/\/drochman.santcugatesn.com\/#breadcrumb\"},\"inLanguage\":\"en-US\",\"potentialAction\":[{\"@type\":\"ReadAction\",\"target\":[\"https:\/\/drochman.santcugatesn.com\/\"]}]},{\"@type\":\"ImageObject\",\"inLanguage\":\"en-US\",\"@id\":\"https:\/\/drochman.santcugatesn.com\/#primaryimage\",\"url\":\"https:\/\/drochman.santcugatesn.com\/wp-content\/uploads\/2025\/11\/football_emotion_customer_testimonial_1_20251008080956_1.webp\",\"contentUrl\":\"https:\/\/drochman.santcugatesn.com\/wp-content\/uploads\/2025\/11\/football_emotion_customer_testimonial_1_20251008080956_1.webp\",\"width\":1024,\"height\":1024},{\"@type\":\"BreadcrumbList\",\"@id\":\"https:\/\/drochman.santcugatesn.com\/#breadcrumb\",\"itemListElement\":[{\"@type\":\"ListItem\",\"position\":1,\"name\":\"Home\",\"item\":\"https:\/\/drochman.santcugatesn.com\/\"},{\"@type\":\"ListItem\",\"position\":2,\"name\":\"Inicio\"}]},{\"@type\":\"WebSite\",\"@id\":\"https:\/\/drochman.santcugatesn.com\/#website\",\"url\":\"https:\/\/drochman.santcugatesn.com\/\",\"name\":\"Futbo Emotin\",\"description\":\"\",\"publisher\":{\"@id\":\"https:\/\/drochman.santcugatesn.com\/#organization\"},\"potentialAction\":[{\"@type\":\"SearchAction\",\"target\":{\"@type\":\"EntryPoint\",\"urlTemplate\":\"https:\/\/drochman.santcugatesn.com\/?s={search_term_string}\"},\"query-input\":{\"@type\":\"PropertyValueSpecification\",\"valueRequired\":true,\"valueName\":\"search_term_string\"}}],\"inLanguage\":\"en-US\"},{\"@type\":\"Organization\",\"@id\":\"https:\/\/drochman.santcugatesn.com\/#organization\",\"name\":\"Futbo Emotin\",\"url\":\"https:\/\/drochman.santcugatesn.com\/\",\"logo\":{\"@type\":\"ImageObject\",\"inLanguage\":\"en-US\",\"@id\":\"https:\/\/drochman.santcugatesn.com\/#\/schema\/logo\/image\/\",\"url\":\"https:\/\/drochman.santcugatesn.com\/wp-content\/uploads\/2025\/10\/cropped-football_emotion_logo_20251001081908_1__2_-removebg-preview-1.png\",\"contentUrl\":\"https:\/\/drochman.santcugatesn.com\/wp-content\/uploads\/2025\/10\/cropped-football_emotion_logo_20251001081908_1__2_-removebg-preview-1.png\",\"width\":54,\"height\":50,\"caption\":\"Futbo Emotin\"},\"image\":{\"@id\":\"https:\/\/drochman.santcugatesn.com\/#\/schema\/logo\/image\/\"}}]}<\/script>\n<!-- \/ Yoast SEO plugin. -->","yoast_head_json":{"title":"Inicio - Futbo Emotin","robots":{"index":"index","follow":"follow","max-snippet":"max-snippet:-1","max-image-preview":"max-image-preview:large","max-video-preview":"max-video-preview:-1"},"canonical":"https:\/\/drochman.santcugatesn.com\/","og_locale":"en_US","og_type":"article","og_title":"Inicio - Futbo Emotin","og_description":"Bienvenido a Futbol Emotion En Futbol Emotion compartimos tu pasi\u00f3n por el f\u00fatbol. Aqu\u00ed encontrar\u00e1s todo lo que necesitas para vivir este deporte al m\u00e1ximo: botas, camisetas oficiales, equipaciones, guantes y accesorios de las mejores marcas. Nuestra misi\u00f3n es ofrecer productos de calidad, al mejor precio, con una experiencia de compra r\u00e1pida, segura y moderna....Read More","og_url":"https:\/\/drochman.santcugatesn.com\/","og_site_name":"Futbo Emotin","article_modified_time":"2025-11-04T19:58:31+00:00","og_image":[{"width":1024,"height":1024,"url":"https:\/\/drochman.santcugatesn.com\/wp-content\/uploads\/2025\/11\/football_emotion_customer_testimonial_1_20251008080956_1.webp","type":"image\/webp"}],"twitter_card":"summary_large_image","twitter_misc":{"Est. reading time":"2 minutes"},"schema":{"@context":"https:\/\/schema.org","@graph":[{"@type":"WebPage","@id":"https:\/\/drochman.santcugatesn.com\/","url":"https:\/\/drochman.santcugatesn.com\/","name":"Inicio - Futbo Emotin","isPartOf":{"@id":"https:\/\/drochman.santcugatesn.com\/#website"},"primaryImageOfPage":{"@id":"https:\/\/drochman.santcugatesn.com\/#primaryimage"},"image":{"@id":"https:\/\/drochman.santcugatesn.com\/#primaryimage"},"thumbnailUrl":"https:\/\/drochman.santcugatesn.com\/wp-content\/uploads\/2025\/11\/football_emotion_customer_testimonial_1_20251008080956_1.webp","datePublished":"2025-11-04T17:28:01+00:00","dateModified":"2025-11-04T19:58:31+00:00","breadcrumb":{"@id":"https:\/\/drochman.santcugatesn.com\/#breadcrumb"},"inLanguage":"en-US","potentialAction":[{"@type":"ReadAction","target":["https:\/\/drochman.santcugatesn.com\/"]}]},{"@type":"ImageObject","inLanguage":"en-US","@id":"https:\/\/drochman.santcugatesn.com\/#primaryimage","url":"https:\/\/drochman.santcugatesn.com\/wp-content\/uploads\/2025\/11\/football_emotion_customer_testimonial_1_20251008080956_1.webp","contentUrl":"https:\/\/drochman.santcugatesn.com\/wp-content\/uploads\/2025\/11\/football_emotion_customer_testimonial_1_20251008080956_1.webp","width":1024,"height":1024},{"@type":"BreadcrumbList","@id":"https:\/\/drochman.santcugatesn.com\/#breadcrumb","itemListElement":[{"@type":"ListItem","position":1,"name":"Home","item":"https:\/\/drochman.santcugatesn.com\/"},{"@type":"ListItem","position":2,"name":"Inicio"}]},{"@type":"WebSite","@id":"https:\/\/drochman.santcugatesn.com\/#website","url":"https:\/\/drochman.santcugatesn.com\/","name":"Futbo Emotin","description":"","publisher":{"@id":"https:\/\/drochman.santcugatesn.com\/#organization"},"potentialAction":[{"@type":"SearchAction","target":{"@type":"EntryPoint","urlTemplate":"https:\/\/drochman.santcugatesn.com\/?s={search_term_string}"},"query-input":{"@type":"PropertyValueSpecification","valueRequired":true,"valueName":"search_term_string"}}],"inLanguage":"en-US"},{"@type":"Organization","@id":"https:\/\/drochman.santcugatesn.com\/#organization","name":"Futbo Emotin","url":"https:\/\/drochman.santcugatesn.com\/","logo":{"@type":"ImageObject","inLanguage":"en-US","@id":"https:\/\/drochman.santcugatesn.com\/#\/schema\/logo\/image\/","url":"https:\/\/drochman.santcugatesn.com\/wp-content\/uploads\/2025\/10\/cropped-football_emotion_logo_20251001081908_1__2_-removebg-preview-1.png","contentUrl":"https:\/\/drochman.santcugatesn.com\/wp-content\/uploads\/2025\/10\/cropped-football_emotion_logo_20251001081908_1__2_-removebg-preview-1.png","width":54,"height":50,"caption":"Futbo Emotin"},"image":{"@id":"https:\/\/drochman.santcugatesn.com\/#\/schema\/logo\/image\/"}}]}},"_links":{"self":[{"href":"https:\/\/drochman.santcugatesn.com\/index.php?rest_route=\/wp\/v2\/pages\/110","targetHints":{"allow":["GET"]}}],"collection":[{"href":"https:\/\/drochman.santcugatesn.com\/index.php?rest_route=\/wp\/v2\/pages"}],"about":[{"href":"https:\/\/drochman.santcugatesn.com\/index.php?rest_route=\/wp\/v2\/types\/page"}],"author":[{"embeddable":true,"href":"https:\/\/drochman.santcugatesn.com\/index.php?rest_route=\/wp\/v2\/users\/1"}],"replies":[{"embeddable":true,"href":"https:\/\/drochman.santcugatesn.com\/index.php?rest_route=%2Fwp%2Fv2%2Fcomments&post=110"}],"version-history":[{"count":3,"href":"https:\/\/drochman.santcugatesn.com\/index.php?rest_route=\/wp\/v2\/pages\/110\/revisions"}],"predecessor-version":[{"id":174,"href":"https:\/\/drochman.santcugatesn.com\/index.php?rest_route=\/wp\/v2\/pages\/110\/revisions\/174"}],"wp:attachment":[{"href":"https:\/\/drochman.santcugatesn.com\/index.php?rest_route=%2Fwp%2Fv2%2Fmedia&parent=110"}],"curies":[{"name":"wp","href":"https:\/\/api.w.org\/{rel}","templated":true}]}}